{"id":1015,"date":"2022-05-24T20:06:58","date_gmt":"2022-05-24T20:06:58","guid":{"rendered":"https:\/\/miha.nl\/mio\/?post_type=product&#038;p=1015"},"modified":"2025-04-29T14:26:12","modified_gmt":"2025-04-29T12:26:12","slug":"mio-cyclo-215hc-full-europe-hartslagcadans-sens","status":"publish","type":"product","link":"https:\/\/miha.nl\/mio\/product\/mio-cyclo-215hc-full-europe-hartslagcadans-sens\/","title":{"rendered":"MIO Cyclo 215HC &#8211; Volledig Europa hartslag+cadans sensor"},"content":{"rendered":"<h1>Mio Cyclo 215HC Volledig Europa<\/h1>\n<p><iframe loading=\"lazy\" title=\"Mio Cyclo 215 HC Nederlands\" width=\"1020\" height=\"574\" src=\"https:\/\/www.youtube.com\/embed\/xmEBrJNVwx0?feature=oembed\" frameborder=\"0\" allow=\"accelerometer; autoplay; clipboard-write; encrypted-media; gyroscope; picture-in-picture; web-share\" referrerpolicy=\"strict-origin-when-cross-origin\" allowfullscreen><\/iframe><\/p>\n<p><a href=\"https:\/\/miha.nl\/mio\/wp-content\/uploads\/2022\/05\/Cyclo-215-HC-datasheet-NL_new.pdf\">Klik hier voor de data sheet, specificaties van deze Cyclo 215 HC <\/a><\/p>\n<h2><b>Altijd duidelijkheid, waar u ook heen gaat, de Cyclo 215HC<\/b><\/h2>\n<p>De Mio Cyclo 215 HC heeft een intu\u00eftieve interface en is gebruiksvriendelijk, zodat u in enkele minuten klaar bent om er met de fiets op uit te trekken. Door de reeds ge\u00efnstalleerde wegen- en fietskaarten kunt u er met de fiets op uit trekken zodra u uw Mio Cyclo 215 uit het doosje hebt gehaald. Het apparaatje wordt geleverd met OpenStreetMaps, zodat u net zo snel op ontdekkingsreis kunt gaan als dat u zegt &#8216;even mijn fiets pakken&#8217;.<\/p>\n<h2><b>Instructies bij elke afslag zodat u uw bestemming eenvoudig kunt bereiken<\/b><\/h2>\n<p>Een heldere gids met een geluidssignaal dat elke instructie tijdens uw fietstocht aankondigt.<\/p>\n<h2><b>Uw prestaties komen op de eerste plaats<\/b><\/h2>\n<p>Monitor uw prestaties en volg uw gegevens met de ingebouwde ANT+ sensor, hartslagmonitor en snelheids- en cadanssensor. Al uw ritstatistieken worden opgeslagen, zodat u kunt zien hoe ver u bent gekomen en doelen kunt stellen om uw fietsprestaties (nog) een niveau hoger te tillen.<\/p>\n<h2><b>Nog meer plezier met de Surprise Me-functie<\/b><\/h2>\n<p>Gebruik de volgende keer dat u op de fiets springt de &#8216;Surprise-Me&#8217;-functie van het apparaatje voor een beetje extra avontuur en plezier. U krijgt dan de keuze uit drie verschillende routes op basis van tijd of afstand, zodat u daarheen kunt fietsen en een nieuwe route kunt verkennen.<\/p>\n<h2><b>Waterdicht, zodat u het overal mee naar toe kunt nemen<\/b><\/h2>\n<p>Het waterproof apparaat kunt u bij weer en wind met u meenemen.<\/p>\n<ul>\n<li>3,5 inch beeldscherm<\/li>\n<li>Full Europa kaart*<\/li>\n<li>Stapsgewijze instructies<\/li>\n<li>Fietsgerichte POI\u2019s<\/li>\n<li>Desktop applicatie<\/li>\n<li>Herlaadbare batterij (tot 10 uur levensduur)<\/li>\n<li>Waterbestendig (IPX5)<\/li>\n<li>incl. fietsmontagekit, USB kabel, ANT+ hartslagmonitor, ANT+ snelheids- en cadanssensor<\/li>\n<\/ul>\n<p><small>*Andorra, Belgi\u00eb, Bulgarije, Denemarken, Duitsland, Estland, Finland, Frankrijk, Gibraltar, Griekenland, Groot-Brittanni\u00eb, Hongarije, Itali\u00eb, Ierland, Kroati\u00eb, Litouwen, Liechtenstein, Luxemburg, Malta, Monaco, Noorwegen, Nederland, Oekra\u00efne, Oostenrijk, Polen, Portugal, Romeni\u00eb, Slowakije, sloveni\u00eb, Servi\u00eb, San Marino, Spanje, Tsjechi\u00eb. Turkije, Vaticaanstad, Zweden, Zwitserland<\/small><\/p>\n","protected":false},"excerpt":{"rendered":"<p>MIO Cyclo 215HC, tijdelijjk extra laag in de prijs bij ons (OP=OP)<\/p>\n","protected":false},"featured_media":1018,"comment_status":"closed","ping_status":"closed","template":"","meta":{"jetpack_publicize_message":"","jetpack_publicize_feature_enabled":true,"jetpack_social_post_already_shared":false,"jetpack_social_options":{"image_generator_settings":{"template":"highway","default_image_id":0,"font":"","enabled":false},"version":2}},"product_brand":[],"product_cat":[38],"product_tag":[156],"class_list":{"0":"post-1015","1":"product","2":"type-product","3":"status-publish","4":"has-post-thumbnail","6":"product_cat-mio-cyclo","7":"product_tag-cyclo-215hc","8":"product_shipping_class-gratisverzenden","10":"first","11":"outofstock","12":"taxable","13":"shipping-taxable","14":"purchasable","15":"product-type-simple"},"jetpack_publicize_connections":[],"jetpack_sharing_enabled":true,"jetpack_likes_enabled":true,"_links":{"self":[{"href":"https:\/\/miha.nl\/mio\/wp-json\/wp\/v2\/product\/1015","targetHints":{"allow":["GET"]}}],"collection":[{"href":"https:\/\/miha.nl\/mio\/wp-json\/wp\/v2\/product"}],"about":[{"href":"https:\/\/miha.nl\/mio\/wp-json\/wp\/v2\/types\/product"}],"replies":[{"embeddable":true,"href":"https:\/\/miha.nl\/mio\/wp-json\/wp\/v2\/comments?post=1015"}],"wp:featuredmedia":[{"embeddable":true,"href":"https:\/\/miha.nl\/mio\/wp-json\/wp\/v2\/media\/1018"}],"wp:attachment":[{"href":"https:\/\/miha.nl\/mio\/wp-json\/wp\/v2\/media?parent=1015"}],"wp:term":[{"taxonomy":"product_brand","embeddable":true,"href":"https:\/\/miha.nl\/mio\/wp-json\/wp\/v2\/product_brand?post=1015"},{"taxonomy":"product_cat","embeddable":true,"href":"https:\/\/miha.nl\/mio\/wp-json\/wp\/v2\/product_cat?post=1015"},{"taxonomy":"product_tag","embeddable":true,"href":"https:\/\/miha.nl\/mio\/wp-json\/wp\/v2\/product_tag?post=1015"}],"curies":[{"name":"wp","href":"https:\/\/api.w.org\/{rel}","templated":true}]}}