{"id":1198,"date":"2022-05-27T22:58:03","date_gmt":"2022-05-27T20:58:03","guid":{"rendered":"https:\/\/miha.nl\/mio\/?post_type=product&#038;p=1198"},"modified":"2023-03-14T11:48:11","modified_gmt":"2023-03-14T10:48:11","slug":"mio-spirit-2020-09-west-europa-download","status":"publish","type":"product","link":"https:\/\/miha.nl\/mio\/product\/mio-spirit-2020-09-west-europa-download\/","title":{"rendered":"Mio \/ Navman 2020.09 West Europa, download"},"content":{"rendered":"<p>Levertijd: binnen 24 uur<\/p>\n<p>U ontvangt van ons een mail met alle informatie, de mail komt niet direct na de bestelling maar wordt handmatig door ons verwerkt.<\/p>\n<p>Let op: kijk hieronder of deze kaarten op uw toestel van toepassing zijn!<\/p>\n<p>Kaarten van West-Europa (23 landen): Andorra, Oostenrijk, Belgi\u00eb, Denemarken, Finland, Frankrijk, Duitsland, Gibraltar, Groot-Brittanni\u00eb, Ierland, Itali\u00eb, Liechtenstein, Luxemburg, Malta, Monaco, Noorwegen, Nederland, Portugal, San Marino, Spanje, Zweden, Zwitserland , Vaticaanstad<\/p>\n<p>De software is geschikt voor Microsoft Windows.<br \/>\nDit product krijgt u digitaal (via email) aangeleverd.<br \/>\nU ontvangt tevens een emaill met de instructies hoe het werkt.<\/p>\n<p>Na aanschaf ontvangt u dus::<br \/>\n1) een &#8216;unlock key&#8217;, om de kaarten te kunnen installeren<br \/>\n2) download link om de kaarten te kunnen downloaden<br \/>\n3) eenvoudige instructies (de handleiding)<\/p>\n<p>Dit product werkt met de volgende toestellen:<\/p>\n<p>Navman F350, F410, F450, F460, F610, 4000 en 5000<br \/>\nMio Spirit 370 (let op: niet de Mio Moov 370 dat is een ouder toestel)<br \/>\nMio Spirit V570 TV<br \/>\nMio Spirit V575 TV<br \/>\nMio Spirit 370, 380<br \/>\nMio Spirit 470, 475<br \/>\nMio Spirit 480, 485, 486, 487<br \/>\nMio Spirit 490 LM, 495 LM, 497 LM<br \/>\nMio Spirit 570, 575<br \/>\nMio Spirit 670, 680, 685, 686, 687, 688\/689<br \/>\nMio spirit 690 LM, 695 LM, 697 LM<br \/>\nMio Spirit 4800, 4950, 4970, 5100, 5107, 5207, 5400, 5450, 5600, 5670, 6800, 6900, 6950, 6970, 7500, 7550, 7670, 8000 en hoger<br \/>\nMio Moov M410, M413, M415, M416<br \/>\nMio Moov M610, M613 LM, M616 LM<\/p>\n<p><img decoding=\"async\" src=\"\/pc\/ckfinder\/userfiles\/images\/WEU.gif\" alt=\"\" data-cke-saved-src=\"\/pc\/ckfinder\/userfiles\/images\/WEU.gif\" \/><\/p>\n","protected":false},"excerpt":{"rendered":"<p>Levertijd: binnen 24 uur U ontvangt van ons een mail met alle informatie, de mail komt niet direct na de bestelling maar wordt handmatig door ons verwerkt. Let op: kijk hieronder of deze kaarten op uw toestel van toepassing zijn! Kaarten van West-Europa (23 landen): Andorra, Oostenrijk, Belgi\u00eb, Denemarken, Finland, Frankrijk, Duitsland, Gibraltar, Groot-Brittanni\u00eb, Ierland, [&#8230;]\n","protected":false},"featured_media":1204,"comment_status":"closed","ping_status":"closed","template":"","meta":{"jetpack_publicize_message":"","jetpack_publicize_feature_enabled":true,"jetpack_social_post_already_shared":true,"jetpack_social_options":{"image_generator_settings":{"template":"highway","default_image_id":0,"font":"","enabled":false},"version":2}},"product_brand":[],"product_cat":[47],"product_tag":[],"class_list":{"0":"post-1198","1":"product","2":"type-product","3":"status-publish","4":"has-post-thumbnail","6":"product_cat-mio-navman-autonavigatie-kaarten","8":"first","9":"instock","10":"virtual","11":"taxable","12":"purchasable","13":"product-type-simple"},"jetpack_publicize_connections":[],"jetpack_sharing_enabled":true,"jetpack_likes_enabled":true,"_links":{"self":[{"href":"https:\/\/miha.nl\/mio\/wp-json\/wp\/v2\/product\/1198","targetHints":{"allow":["GET"]}}],"collection":[{"href":"https:\/\/miha.nl\/mio\/wp-json\/wp\/v2\/product"}],"about":[{"href":"https:\/\/miha.nl\/mio\/wp-json\/wp\/v2\/types\/product"}],"replies":[{"embeddable":true,"href":"https:\/\/miha.nl\/mio\/wp-json\/wp\/v2\/comments?post=1198"}],"wp:featuredmedia":[{"embeddable":true,"href":"https:\/\/miha.nl\/mio\/wp-json\/wp\/v2\/media\/1204"}],"wp:attachment":[{"href":"https:\/\/miha.nl\/mio\/wp-json\/wp\/v2\/media?parent=1198"}],"wp:term":[{"taxonomy":"product_brand","embeddable":true,"href":"https:\/\/miha.nl\/mio\/wp-json\/wp\/v2\/product_brand?post=1198"},{"taxonomy":"product_cat","embeddable":true,"href":"https:\/\/miha.nl\/mio\/wp-json\/wp\/v2\/product_cat?post=1198"},{"taxonomy":"product_tag","embeddable":true,"href":"https:\/\/miha.nl\/mio\/wp-json\/wp\/v2\/product_tag?post=1198"}],"curies":[{"name":"wp","href":"https:\/\/api.w.org\/{rel}","templated":true}]}}